{"id":393,"date":"2023-12-10T23:22:21","date_gmt":"2023-12-10T20:22:21","guid":{"rendered":"https:\/\/www.ambalajbursa.com\/magaza2\/magaza\/urun\/kategorilenmemis\/import-placeholder-for-8121"},"modified":"2026-04-16T18:44:19","modified_gmt":"2026-04-16T15:44:19","slug":"beyaz-patlamis-misir-kutusu","status":"publish","type":"product","link":"https:\/\/www.ambalajbursa.com\/magaza\/urun\/beyaz-patlamis-misir-kutusu\/","title":{"rendered":"Beyaz Patlam\u0131\u015f m\u0131s\u0131r kutusu &#8211; Popcorn Ambalaj"},"content":{"rendered":"<h2>Beyaz patlam\u0131\u015f m\u0131s\u0131r kutusu<\/h2>\n<p><strong>1000 Adet<br \/>\nOrta boy popcorn kutusu<br \/>\n6,5 x 9 x 18,5 cm<\/strong>\u00a0\u00f6l\u00e7\u00fclerinde olan popcorn patlam\u0131\u015f m\u0131s\u0131r kutular\u0131\u00a0konik k\u00fclah \u015feklindedir.<br \/>\nTaban: Amerikan Kilit<\/p>\n<p>4000 Adede kadar bask\u0131 <a href=\"https:\/\/www.ambalajbursa.com\/magaza\/urun\/logo-ve-firma-ismi-veya-resim-baski-ucreti\/\">\u00dcCTRET\u0130<\/a><\/p>\n","protected":false},"excerpt":{"rendered":"<p><strong>Orta boy popcorn kutusu<\/strong><\/p>\n<p><strong>6,5 x 9 x 18,5<\/strong>\u00a0 cm \u00f6l\u00e7\u00fclerindedir.<br \/>\nkoli i\u00e7eri\u011fi: <strong>1000 Adet<\/strong><\/p>\n<p>4000 Adet sipari\u015flernizde 2 renk bask\u0131 hediyemizdir.<br \/>\nTeslimat s\u00fcresi 7 i\u015f g\u00fcn\u00fcd\u00fcr.<\/p>\n<p><a href=\"https:\/\/www.ambalajbursa.com\/magaza\/wp-content\/uploads\/2020\/12\/kargo--e1615770925749.jpg\"><img loading=\"lazy\" decoding=\"async\" class=\"alignnone size-full wp-image-13213\" src=\"https:\/\/www.ambalajbursa.com\/magaza\/wp-content\/uploads\/2020\/12\/kargo--e1615770925749.jpg\" alt=\"\" width=\"100\" height=\"51\" \/> <\/a>Ayny g\u00fcn<\/p>\n","protected":false},"featured_media":17067,"comment_status":"open","ping_status":"closed","template":"","meta":[],"product_brand":[],"product_cat":[205,29],"product_tag":[92,93,94,369,797,202],"class_list":{"0":"post-393","1":"product","2":"type-product","3":"status-publish","4":"has-post-thumbnail","6":"product_cat-popcorn-ambalaj","7":"product_cat-standart-firma-baskisiz-urunler","8":"product_tag-baskisiz-patlamis-misir-kutusu","9":"product_tag-beyaz-patlamis-misir-kutusu","10":"product_tag-beyaz-popcorn-kutusu","11":"product_tag-misir-kutusu","12":"product_tag-patlak-misir","13":"product_tag-popcorn-ambalaji","15":"entry","16":"has-media","18":"first","19":"instock","20":"taxable","21":"shipping-taxable","22":"purchasable","23":"product-type-simple","24":"has-rating","25":"has-product-nav","26":"col","27":"span_1_of_5","28":"owp-content-center","29":"owp-thumbs-layout-vertical","30":"owp-btn-normal","31":"owp-tabs-layout-horizontal","33":"circle-sale"},"_links":{"self":[{"href":"https:\/\/www.ambalajbursa.com\/magaza\/wp-json\/wp\/v2\/product\/393","targetHints":{"allow":["GET"]}}],"collection":[{"href":"https:\/\/www.ambalajbursa.com\/magaza\/wp-json\/wp\/v2\/product"}],"about":[{"href":"https:\/\/www.ambalajbursa.com\/magaza\/wp-json\/wp\/v2\/types\/product"}],"replies":[{"embeddable":true,"href":"https:\/\/www.ambalajbursa.com\/magaza\/wp-json\/wp\/v2\/comments?post=393"}],"wp:featuredmedia":[{"embeddable":true,"href":"https:\/\/www.ambalajbursa.com\/magaza\/wp-json\/wp\/v2\/media\/17067"}],"wp:attachment":[{"href":"https:\/\/www.ambalajbursa.com\/magaza\/wp-json\/wp\/v2\/media?parent=393"}],"wp:term":[{"taxonomy":"product_brand","embeddable":true,"href":"https:\/\/www.ambalajbursa.com\/magaza\/wp-json\/wp\/v2\/product_brand?post=393"},{"taxonomy":"product_cat","embeddable":true,"href":"https:\/\/www.ambalajbursa.com\/magaza\/wp-json\/wp\/v2\/product_cat?post=393"},{"taxonomy":"product_tag","embeddable":true,"href":"https:\/\/www.ambalajbursa.com\/magaza\/wp-json\/wp\/v2\/product_tag?post=393"}],"curies":[{"name":"wp","href":"https:\/\/api.w.org\/{rel}","templated":true}]}}