{"id":392,"date":"2022-11-14T23:22:21","date_gmt":"2022-11-14T20:22:21","guid":{"rendered":"https:\/\/www.ambalajbursa.com\/magaza2\/magaza\/urun\/kategorilenmemis\/import-placeholder-for-8067"},"modified":"2026-03-08T22:31:33","modified_gmt":"2026-03-08T19:31:33","slug":"ceyrek-altin-kutusu","status":"publish","type":"product","link":"https:\/\/www.ambalajbursa.com\/magaza\/urun\/ceyrek-altin-kutusu\/","title":{"rendered":"\u00c7eyrek Alt\u0131n Kutusu"},"content":{"rendered":"<h2>\u00c7eyrek Alt\u0131n Kutusu<\/h2>\n<p>Her pakette 100 adet vard\u0131r.<br \/>\ni\u00e7i s\u00fcnger, elyaf veya pamuklu olarak \u00e7e\u015fitlerimiz vard\u0131r.<br \/>\nToptan al\u0131\u015flarda indirim uygulan\u0131r.<br \/>\nToptan al\u0131\u015flar\u0131n\u0131z en az 100.000 adet olmal\u0131d\u0131r.<\/p>\n","protected":false},"excerpt":{"rendered":"<p>\u00c7eyrek Alt\u0131n Kutusu<\/p>\n<p><img loading=\"lazy\" decoding=\"async\" class=\"alignnone size-medium wp-image-11722\" src=\"https:\/\/www.ambalajbursa.com\/magaza\/wp-content\/uploads\/2020\/01\/\u00f6deme-2-300x191.jpg\" alt=\"\" width=\"300\" height=\"191\" \/> <img loading=\"lazy\" decoding=\"async\" class=\"alignnone size-full wp-image-11729\" src=\"https:\/\/www.ambalajbursa.com\/magaza\/wp-content\/uploads\/2020\/01\/\u00dc\u00e7-g\u00fcn\u00fcnde-kargoda-1.jpg\" alt=\"\" width=\"125\" height=\"64\" \/><\/p>\n","protected":false},"featured_media":255,"comment_status":"open","ping_status":"closed","template":"","meta":[],"product_brand":[],"product_cat":[28,29,897],"product_tag":[87,84],"class_list":{"0":"post-392","1":"product","2":"type-product","3":"status-publish","4":"has-post-thumbnail","6":"product_cat-karton-kutular","7":"product_cat-standart-firma-baskisiz-urunler","8":"product_cat-taki-kutusu","9":"product_tag-ceyrek-altin-kutusu","10":"product_tag-ceyrek-kutusu","12":"entry","13":"has-media","15":"first","16":"outofstock","17":"featured","18":"taxable","19":"shipping-taxable","20":"product-type-grouped","21":"has-rating","22":"has-product-nav","23":"col","24":"span_1_of_5","25":"owp-content-center","26":"owp-thumbs-layout-vertical","27":"owp-btn-normal","28":"owp-tabs-layout-horizontal","30":"circle-sale"},"_links":{"self":[{"href":"https:\/\/www.ambalajbursa.com\/magaza\/wp-json\/wp\/v2\/product\/392","targetHints":{"allow":["GET"]}}],"collection":[{"href":"https:\/\/www.ambalajbursa.com\/magaza\/wp-json\/wp\/v2\/product"}],"about":[{"href":"https:\/\/www.ambalajbursa.com\/magaza\/wp-json\/wp\/v2\/types\/product"}],"replies":[{"embeddable":true,"href":"https:\/\/www.ambalajbursa.com\/magaza\/wp-json\/wp\/v2\/comments?post=392"}],"wp:featuredmedia":[{"embeddable":true,"href":"https:\/\/www.ambalajbursa.com\/magaza\/wp-json\/wp\/v2\/media\/255"}],"wp:attachment":[{"href":"https:\/\/www.ambalajbursa.com\/magaza\/wp-json\/wp\/v2\/media?parent=392"}],"wp:term":[{"taxonomy":"product_brand","embeddable":true,"href":"https:\/\/www.ambalajbursa.com\/magaza\/wp-json\/wp\/v2\/product_brand?post=392"},{"taxonomy":"product_cat","embeddable":true,"href":"https:\/\/www.ambalajbursa.com\/magaza\/wp-json\/wp\/v2\/product_cat?post=392"},{"taxonomy":"product_tag","embeddable":true,"href":"https:\/\/www.ambalajbursa.com\/magaza\/wp-json\/wp\/v2\/product_tag?post=392"}],"curies":[{"name":"wp","href":"https:\/\/api.w.org\/{rel}","templated":true}]}}