{"id":391,"date":"2022-11-07T23:22:21","date_gmt":"2022-11-07T20:22:21","guid":{"rendered":"https:\/\/www.ambalajbursa.com\/magaza2\/magaza\/urun\/kategorilenmemis\/import-placeholder-for-8065"},"modified":"2026-03-08T20:25:14","modified_gmt":"2026-03-08T17:25:14","slug":"siyah-ceyrek-altin-kutusu","status":"publish","type":"product","link":"https:\/\/www.ambalajbursa.com\/magaza\/urun\/siyah-ceyrek-altin-kutusu\/","title":{"rendered":"Siyah \u00c7eyrek Alt\u0131n Kutusu"},"content":{"rendered":"<h2>Siyah \u00c7eyrek Alt\u0131n Kutusu<\/h2>\n<p>paket i\u00e7i 100 adet<br \/>\ni\u00e7i s\u00fcngerli<\/p>\n","protected":false},"excerpt":{"rendered":"<p>Siyah \u00c7eyrek Alt\u0131n Kutusu<\/p>\n<p>paket i\u00e7i 100 adet<br \/>\ni\u00e7i s\u00fcngerli<br \/>\n<img loading=\"lazy\" decoding=\"async\" class=\"alignnone size-medium wp-image-11722\" src=\"https:\/\/www.ambalajbursa.com\/magaza\/wp-content\/uploads\/2020\/01\/\u00f6deme-2-300x191.jpg\" alt=\"\" width=\"300\" height=\"191\" \/> <img loading=\"lazy\" decoding=\"async\" class=\"alignnone size-full wp-image-11729\" src=\"https:\/\/www.ambalajbursa.com\/magaza\/wp-content\/uploads\/2020\/01\/\u00dc\u00e7-g\u00fcn\u00fcnde-kargoda-1.jpg\" alt=\"\" width=\"125\" height=\"64\" \/><\/p>\n","protected":false},"featured_media":178,"comment_status":"open","ping_status":"closed","template":"","meta":[],"product_brand":[],"product_cat":[28,897],"product_tag":[87,91],"class_list":{"0":"post-391","1":"product","2":"type-product","3":"status-publish","4":"has-post-thumbnail","6":"product_cat-karton-kutular","7":"product_cat-taki-kutusu","8":"product_tag-ceyrek-altin-kutusu","9":"product_tag-siyah-ceyrek-altin-kutusu","11":"entry","12":"has-media","14":"first","15":"outofstock","16":"taxable","17":"shipping-taxable","18":"purchasable","19":"product-type-simple","20":"has-rating","21":"has-product-nav","22":"col","23":"span_1_of_5","24":"owp-content-center","25":"owp-thumbs-layout-vertical","26":"owp-btn-normal","27":"owp-tabs-layout-horizontal","29":"circle-sale"},"_links":{"self":[{"href":"https:\/\/www.ambalajbursa.com\/magaza\/wp-json\/wp\/v2\/product\/391","targetHints":{"allow":["GET"]}}],"collection":[{"href":"https:\/\/www.ambalajbursa.com\/magaza\/wp-json\/wp\/v2\/product"}],"about":[{"href":"https:\/\/www.ambalajbursa.com\/magaza\/wp-json\/wp\/v2\/types\/product"}],"replies":[{"embeddable":true,"href":"https:\/\/www.ambalajbursa.com\/magaza\/wp-json\/wp\/v2\/comments?post=391"}],"wp:featuredmedia":[{"embeddable":true,"href":"https:\/\/www.ambalajbursa.com\/magaza\/wp-json\/wp\/v2\/media\/178"}],"wp:attachment":[{"href":"https:\/\/www.ambalajbursa.com\/magaza\/wp-json\/wp\/v2\/media?parent=391"}],"wp:term":[{"taxonomy":"product_brand","embeddable":true,"href":"https:\/\/www.ambalajbursa.com\/magaza\/wp-json\/wp\/v2\/product_brand?post=391"},{"taxonomy":"product_cat","embeddable":true,"href":"https:\/\/www.ambalajbursa.com\/magaza\/wp-json\/wp\/v2\/product_cat?post=391"},{"taxonomy":"product_tag","embeddable":true,"href":"https:\/\/www.ambalajbursa.com\/magaza\/wp-json\/wp\/v2\/product_tag?post=391"}],"curies":[{"name":"wp","href":"https:\/\/api.w.org\/{rel}","templated":true}]}}