{"id":385,"date":"2022-12-01T23:22:20","date_gmt":"2022-12-01T20:22:20","guid":{"rendered":"https:\/\/www.ambalajbursa.com\/magaza2\/magaza\/urun\/kategorilenmemis\/import-placeholder-for-6671"},"modified":"2025-12-18T05:38:45","modified_gmt":"2025-12-18T02:38:45","slug":"logo-baskili-ekonomik-kagit-poset","status":"publish","type":"product","link":"https:\/\/www.ambalajbursa.com\/magaza\/urun\/logo-baskili-ekonomik-kagit-poset\/","title":{"rendered":"Logo Bask\u0131l\u0131 Ekonomik ka\u011f\u0131t Po\u015fet"},"content":{"rendered":"<h2>Logo\u00a0 bask\u0131l\u0131 ekonomik ka\u011f\u0131t po\u015fet<\/h2>\n<p>Bu ekonomik ince ka\u011f\u0131t po\u015fet bask\u0131s\u0131z olarak da sat\u0131n alabilirsiniz.<br \/>\nTa\u015f\u0131ma kapasitesi \u00fcr\u00fcne g\u00f6re idealdir.<br \/>\n27 x 30 x 16 cm<br \/>\n70 gr\/m2<br \/>\nFirma Bask\u0131l\u0131 500 ve 1000 adet se\u00e7enekleri<br \/>\nTek renk \u00e7ift y\u00f6n Bask\u0131<\/p>\n<p><a href=\"https:\/\/www.ambalajbursa.com\/magaza\/urun\/kraft-poset-canta-renkleri-olculeri\/\">T\u00fcm kraft ka\u011f\u0131t \u00e7antalar ebatlar\u0131 ve fiyatlar\u0131<\/a><\/p>\n<p><a href=\"https:\/\/www.ambalajbursa.com\/magaza\/urun-kategori\/kagit-poset-kagit-canta\/bukum-sapli\/\">B\u00fck\u00fcm sapl\u0131 kraft po\u015fetler<\/a><\/p>\n<p><span style=\"vertical-align: inherit;\">Bu \u00fcr\u00fcne bask\u0131 yapt\u0131rabilirsiniz.<\/span><br \/>\n<a href=\"https:\/\/www.ambalajbursa.com\/magaza\/urun\/kagit-poset-baski-ucreti\/\">Ka\u011f\u0131t po\u015fet bask\u0131 \u00fccreti<\/a><\/p>\n<p>&nbsp;<\/p>\n","protected":false},"excerpt":{"rendered":"<p>Logo bask\u0131l\u0131 ekonomik ka\u011f\u0131t po\u015fet<\/p>\n<p>Firma Bask\u0131l\u0131 500 ve 1000 adet se\u00e7enekleri<br \/>\nBask\u0131l\u0131 fiyat\u0131, \u00e7ift y\u00f6n bask\u0131l\u0131 fiyat\u0131d\u0131r.<br \/>\n27 x 30 x 16 cm<br \/>\n70 gr\/m2<\/p>\n<p><a href=\"https:\/\/www.ambalajbursa.com\/magaza\/wp-content\/uploads\/2020\/12\/kargo--e1615770925749.jpg\"><img loading=\"lazy\" decoding=\"async\" class=\"alignnone size-full wp-image-13213\" src=\"https:\/\/www.ambalajbursa.com\/magaza\/wp-content\/uploads\/2020\/12\/kargo--e1615770925749.jpg\" alt=\"\" width=\"100\" height=\"51\" \/><\/a> \u00a05 i\u015f g\u00fcn\u00fcd\u00fcr<\/p>\n","protected":false},"featured_media":249,"comment_status":"open","ping_status":"closed","template":"","meta":[],"product_brand":[],"product_cat":[451,379,392,378,61,245,254],"product_tag":[75,63,80,64,81,67,552,550,551],"class_list":{"0":"post-385","1":"product","2":"type-product","3":"status-publish","4":"has-post-thumbnail","6":"product_cat-27x30x16-kraft-poset","7":"product_cat-duz-sapli-poset","8":"product_cat-esmer-kraft-poset","9":"product_cat-naturel-kraft","10":"product_cat-kagit-poset-kagit-canta","11":"product_cat-logo-baskili-ambalaj","12":"product_cat-logo-baskili-kagit-poset","13":"product_tag-duz-sapli-kagit-poset","14":"product_tag-duz-sapli-poset","15":"product_tag-ekonomik-kagit-poset","16":"product_tag-firma-baskili-kagit-poset","17":"product_tag-ince-poset","18":"product_tag-kagit-poset","19":"product_tag-logo-baskili-ekonomik-kagit-canta","20":"product_tag-logo-baskili-ekonomik-kagit-poset","21":"product_tag-ucuz-poset","23":"entry","24":"has-media","26":"first","27":"instock","28":"featured","29":"taxable","30":"shipping-taxable","31":"purchasable","32":"product-type-variable","33":"has-default-attributes","34":"has-rating","35":"has-product-nav","36":"col","37":"span_1_of_5","38":"owp-content-center","39":"owp-thumbs-layout-vertical","40":"owp-btn-normal","41":"owp-tabs-layout-horizontal","43":"circle-sale"},"_links":{"self":[{"href":"https:\/\/www.ambalajbursa.com\/magaza\/wp-json\/wp\/v2\/product\/385","targetHints":{"allow":["GET"]}}],"collection":[{"href":"https:\/\/www.ambalajbursa.com\/magaza\/wp-json\/wp\/v2\/product"}],"about":[{"href":"https:\/\/www.ambalajbursa.com\/magaza\/wp-json\/wp\/v2\/types\/product"}],"replies":[{"embeddable":true,"href":"https:\/\/www.ambalajbursa.com\/magaza\/wp-json\/wp\/v2\/comments?post=385"}],"wp:featuredmedia":[{"embeddable":true,"href":"https:\/\/www.ambalajbursa.com\/magaza\/wp-json\/wp\/v2\/media\/249"}],"wp:attachment":[{"href":"https:\/\/www.ambalajbursa.com\/magaza\/wp-json\/wp\/v2\/media?parent=385"}],"wp:term":[{"taxonomy":"product_brand","embeddable":true,"href":"https:\/\/www.ambalajbursa.com\/magaza\/wp-json\/wp\/v2\/product_brand?post=385"},{"taxonomy":"product_cat","embeddable":true,"href":"https:\/\/www.ambalajbursa.com\/magaza\/wp-json\/wp\/v2\/product_cat?post=385"},{"taxonomy":"product_tag","embeddable":true,"href":"https:\/\/www.ambalajbursa.com\/magaza\/wp-json\/wp\/v2\/product_tag?post=385"}],"curies":[{"name":"wp","href":"https:\/\/api.w.org\/{rel}","templated":true}]}}