{"id":381,"date":"2022-11-01T00:22:20","date_gmt":"2022-10-31T21:22:20","guid":{"rendered":"https:\/\/www.ambalajbursa.com\/magaza2\/magaza\/urun\/kategorilenmemis\/import-placeholder-for-6608"},"modified":"2025-12-18T05:37:59","modified_gmt":"2025-12-18T02:37:59","slug":"bukum-sapli-kagit-poset","status":"publish","type":"product","link":"https:\/\/www.ambalajbursa.com\/magaza\/urun\/bukum-sapli-kagit-poset\/","title":{"rendered":"Firma Bask\u0131l\u0131 B\u00fck\u00fcm Sapl\u0131 Ka\u011f\u0131t Po\u015fet"},"content":{"rendered":"<h2><span style=\"vertical-align: inherit;\"><span style=\"vertical-align: inherit;\">B\u00fck\u00fcm sapl\u0131 Ka\u011f\u0131t po\u015fet<\/span><\/span><\/h2>\n<p>10.000 Adet ve \u00fczeri sipari\u015flerinizde <i>otomasyon<\/i> sistemi ile s\u0131n\u0131rs\u0131z renk bask\u0131 yap\u0131l\u0131r.<br \/>\nBask\u0131 alan\u0131na g\u00f6re kli\u015fe bedeli bir defa <strong>ALINIR<\/strong>.<br \/>\nFiyatlar m\u00b2\/gr \u00fczerinden de\u011ferlendirilir.<br \/>\ndaha y\u00fcksek gramaj talep edilirse fiyat belli oranda artacakt\u0131r.<br \/>\nEbat : M\u00fc\u015fteri tercihi<br \/>\nKa\u011f\u0131t gramaj\u0131: 70 &#8211; 120\u00a0 gr\/m2<br \/>\nSap: Ka\u011f\u0131t B\u00fck\u00fcm sap &#8211; veya d\u00fcz sap<br \/>\nKa\u011f\u0131t cinsi: Beyaz veya Nat\u00fcrel kraft<br \/>\nBu sitede b\u00fck\u00fcm sapl\u0131 ka\u011f\u0131t po\u015fet ve daha fazla \u00fcr\u00fcn i\u00e7in <a href=\"https:\/\/www.ambalajbursa.com\/kagit-posetler\/\" target=\"_blank\" rel=\"noopener noreferrer\">ka\u011f\u0131t po\u015fetler<\/a> men\u00fcs\u00fcn\u00fcn alt elamanlar\u0131ndan g\u00f6rebilirsiniz.<br \/>\nDi\u011fer ba\u011flant\u0131lar\u0131m\u0131z: <a href=\"https:\/\/www.kartoncantabursa.com\" target=\"_blank\" rel=\"noopener noreferrer nofollow\">karton \u00e7anta bursa<\/a> &#8211; <a href=\"https:\/\/www.ambalajbursa.com\" target=\"_blank\" rel=\"noopener noreferrer\">ambalaj bursa<\/a><\/p>\n<p>&nbsp;<\/p>\n","protected":false},"excerpt":{"rendered":"<p>B\u00fck\u00fcm sapl\u0131 Ka\u011f\u0131t po\u015fetler<\/p>\n<p>Ebat : M\u00fc\u015fteri iste\u011fine ba\u011fl\u0131<br \/>\nKa\u011f\u0131t gramaj\u0131: 70 &#8211; 120\u00a0 gr\/m2<br \/>\nSap: Ka\u011f\u0131t B\u00fck\u00fcm sap veya d\u00fcz sap<br \/>\nKa\u011f\u0131t cinsi: Beyaz veya Nat\u00fcrel kraft<br \/>\n<img loading=\"lazy\" decoding=\"async\" class=\"alignnone size-medium wp-image-11722\" src=\"https:\/\/www.ambalajbursa.com\/magaza\/wp-content\/uploads\/2020\/01\/\u00f6deme-2-300x191.jpg\" alt=\"\" width=\"300\" height=\"191\" \/><br \/>\n<strong>Kredi kart\u0131na 12 TAKS\u0130T imkan\u0131<\/strong><br \/>\n<strong>TESL\u0130MAT S\u00dcRES\u0130 ORTAMA 30 \u0130\u015e G\u00dcN\u00dcD\u00dcR<\/strong><\/p>\n<p>&nbsp;<\/p>\n<p>[emd_form id=&#8221;15468&#8243;]<\/p>\n","protected":false},"featured_media":224,"comment_status":"open","ping_status":"closed","template":"","meta":[],"product_brand":[],"product_cat":[61,245,254],"product_tag":[62,64,65,66,67,68,69],"class_list":{"0":"post-381","1":"product","2":"type-product","3":"status-publish","4":"has-post-thumbnail","6":"product_cat-kagit-poset-kagit-canta","7":"product_cat-logo-baskili-ambalaj","8":"product_cat-logo-baskili-kagit-poset","9":"product_tag-bukum-sapli-poset","10":"product_tag-firma-baskili-kagit-poset","11":"product_tag-ince-kagit-poset","12":"product_tag-kagit-canta","13":"product_tag-kagit-poset","14":"product_tag-kagit-sapli-poset","15":"product_tag-kraft-poset","17":"entry","18":"has-media","20":"first","21":"instock","22":"taxable","23":"shipping-taxable","24":"purchasable","25":"product-type-simple","26":"has-rating","27":"has-product-nav","28":"col","29":"span_1_of_5","30":"owp-content-center","31":"owp-thumbs-layout-vertical","32":"owp-btn-normal","33":"owp-tabs-layout-horizontal","35":"circle-sale"},"_links":{"self":[{"href":"https:\/\/www.ambalajbursa.com\/magaza\/wp-json\/wp\/v2\/product\/381","targetHints":{"allow":["GET"]}}],"collection":[{"href":"https:\/\/www.ambalajbursa.com\/magaza\/wp-json\/wp\/v2\/product"}],"about":[{"href":"https:\/\/www.ambalajbursa.com\/magaza\/wp-json\/wp\/v2\/types\/product"}],"replies":[{"embeddable":true,"href":"https:\/\/www.ambalajbursa.com\/magaza\/wp-json\/wp\/v2\/comments?post=381"}],"wp:featuredmedia":[{"embeddable":true,"href":"https:\/\/www.ambalajbursa.com\/magaza\/wp-json\/wp\/v2\/media\/224"}],"wp:attachment":[{"href":"https:\/\/www.ambalajbursa.com\/magaza\/wp-json\/wp\/v2\/media?parent=381"}],"wp:term":[{"taxonomy":"product_brand","embeddable":true,"href":"https:\/\/www.ambalajbursa.com\/magaza\/wp-json\/wp\/v2\/product_brand?post=381"},{"taxonomy":"product_cat","embeddable":true,"href":"https:\/\/www.ambalajbursa.com\/magaza\/wp-json\/wp\/v2\/product_cat?post=381"},{"taxonomy":"product_tag","embeddable":true,"href":"https:\/\/www.ambalajbursa.com\/magaza\/wp-json\/wp\/v2\/product_tag?post=381"}],"curies":[{"name":"wp","href":"https:\/\/api.w.org\/{rel}","templated":true}]}}