{"id":380,"date":"2023-03-01T00:01:20","date_gmt":"2023-02-28T21:01:20","guid":{"rendered":"https:\/\/www.ambalajbursa.com\/magaza2\/magaza\/urun\/kategorilenmemis\/import-placeholder-for-6310"},"modified":"2025-12-18T05:37:59","modified_gmt":"2025-12-18T02:37:59","slug":"gul-desenli-kraft-karton-canta","status":"publish","type":"product","link":"https:\/\/www.ambalajbursa.com\/magaza\/urun\/gul-desenli-kraft-karton-canta\/","title":{"rendered":"G\u00fcl Desenli Kraft Karton \u00c7anta"},"content":{"rendered":"<h2>G\u00fcl Desenli Kraft Karton \u00c7anta<\/h2>\n<p>En:\u00a0 \u00a0 \u00a08 cm<br \/>\nBoy: 13,5 cm<br \/>\nk\u00f6r\u00fck: 7 cm<br \/>\nKarton gramaj\u0131: 205 gr m2<br \/>\n1 Pakette 30 Adet<\/p>\n","protected":false},"excerpt":{"rendered":"<p>G\u00fcl Desenli Kraft Karton \u00c7anta<\/p>\n<p>En: 8 cm &#8211; Boy: 13,5 cm &#8211; k\u00f6r\u00fck: 7 cm<br \/>\n1 Pakette 30 Adet<\/p>\n","protected":false},"featured_media":222,"comment_status":"open","ping_status":"closed","template":"","meta":[],"product_brand":[],"product_cat":[752,34,82],"product_tag":[214,836,57,58,59,60],"class_list":{"0":"post-380","1":"product","2":"type-product","3":"status-publish","4":"has-post-thumbnail","6":"product_cat-ip-sapli-karton-canta","7":"product_cat-karton-cantalar","8":"product_cat-kraft-karton-cantalar","9":"product_tag-gul-desenli-kraft-karton-canta","10":"product_tag-iindirimli-karton-canta","11":"product_tag-ip-sapli-kraft-karton-canta","12":"product_tag-kraft-karton-canta","13":"product_tag-mini-kraft-karton-canta","14":"product_tag-standart-baskili-kraft-karton-canta","16":"entry","17":"has-media","19":"first","20":"instock","21":"purchasable","22":"product-type-simple","23":"has-rating","24":"has-product-nav","25":"col","26":"span_1_of_5","27":"owp-content-center","28":"owp-thumbs-layout-vertical","29":"owp-btn-normal","30":"owp-tabs-layout-horizontal","32":"circle-sale"},"_links":{"self":[{"href":"https:\/\/www.ambalajbursa.com\/magaza\/wp-json\/wp\/v2\/product\/380","targetHints":{"allow":["GET"]}}],"collection":[{"href":"https:\/\/www.ambalajbursa.com\/magaza\/wp-json\/wp\/v2\/product"}],"about":[{"href":"https:\/\/www.ambalajbursa.com\/magaza\/wp-json\/wp\/v2\/types\/product"}],"replies":[{"embeddable":true,"href":"https:\/\/www.ambalajbursa.com\/magaza\/wp-json\/wp\/v2\/comments?post=380"}],"wp:featuredmedia":[{"embeddable":true,"href":"https:\/\/www.ambalajbursa.com\/magaza\/wp-json\/wp\/v2\/media\/222"}],"wp:attachment":[{"href":"https:\/\/www.ambalajbursa.com\/magaza\/wp-json\/wp\/v2\/media?parent=380"}],"wp:term":[{"taxonomy":"product_brand","embeddable":true,"href":"https:\/\/www.ambalajbursa.com\/magaza\/wp-json\/wp\/v2\/product_brand?post=380"},{"taxonomy":"product_cat","embeddable":true,"href":"https:\/\/www.ambalajbursa.com\/magaza\/wp-json\/wp\/v2\/product_cat?post=380"},{"taxonomy":"product_tag","embeddable":true,"href":"https:\/\/www.ambalajbursa.com\/magaza\/wp-json\/wp\/v2\/product_tag?post=380"}],"curies":[{"name":"wp","href":"https:\/\/api.w.org\/{rel}","templated":true}]}}