{"id":17102,"date":"2024-02-14T00:14:26","date_gmt":"2024-02-13T21:14:26","guid":{"rendered":"https:\/\/www.ambalajbursa.com\/magaza\/?post_type=product&#038;p=17102"},"modified":"2025-12-18T05:37:38","modified_gmt":"2025-12-18T02:37:38","slug":"duz-sapli-beyaz-kraft-poset-18x23x9","status":"publish","type":"product","link":"https:\/\/www.ambalajbursa.com\/magaza\/urun\/duz-sapli-beyaz-kraft-poset-18x23x9\/","title":{"rendered":"D\u00fcz Sapl\u0131 Beyaz Kraft Po\u015fet 18x23x9 cm"},"content":{"rendered":"<h2>D\u00fcz Sapl\u0131 Beyaz Kraft Po\u015fet 18x23x9 cm<\/h2>\n<p>En: 18 cm<br \/>\nBoy: 23 cm<br \/>\nK\u00f6r\u00fck veya Taban: 9 cm<br \/>\nKa\u011f\u0131t cinsi: Beyaz Kraft<br \/>\nKa\u011f\u0131t Gramaj\u0131: 70 gr\/M2<br \/>\nD\u00fcz sapl\u0131 Ka\u011f\u0131t po\u015fet fiyat\u0131 b\u00fck\u00fcm sapl\u0131 \u00fcr\u00fcnlere g\u00f6re daha ucuzdur.<br \/>\nBask\u0131l\u0131 \u00fcr\u00fcnlerimizi internet sitemizde <strong>ka\u011f\u0131t po\u015fetler<\/strong> b\u00f6l\u00fcm\u00fcn\u00fcn alt sayfalar\u0131ndan inceleyebilirsiniz.<br \/>\nKarton \u00e7an ve ka\u011f\u0131t po\u015fet modellerimiz ve \u00f6rneklerimizi <strong><a href=\"https:\/\/www.kartoncantabursa.com\/\" target=\"_blank\" rel=\"noopener noreferrer nofollow\">karton \u00e7anta Bursa<\/a><\/strong> (kartoncantabursa.com) Adresimizden de g\u00f6rebilirsiniz.<\/p>\n<p><span style=\"vertical-align: inherit;\">Bu \u00fcr\u00fcne bask\u0131 yapt\u0131rabilirsiniz<\/span><strong><span style=\"vertical-align: inherit;\"><br \/>\n<a href=\"https:\/\/www.ambalajbursa.com\/magaza\/urun\/kagit-poset-baski-ucreti\/\">Ka\u011f\u0131t po\u015fet bask\u0131 \u00fccreti<\/a><\/span><\/strong><\/p>\n<p>&nbsp;<\/p>\n","protected":false},"excerpt":{"rendered":"<p>D\u00fcz Sapl\u0131 Ka\u011f\u0131t Po\u015fet <a href=\"#tab-description\"><strong>Detayl\u0131 a\u00e7\u0131klama<\/strong><\/a><\/p>\n<p>Beyaz kraft po\u015fet En: 18 cm x Boy: 23 cm x K\u00f6r\u00fck veya Taban: 9 cm<br \/>\n\u0130sim ve firma ismi bast\u0131rmak isterseniz bask\u0131 \u00fccreti sat\u0131n almal\u0131s\u0131n\u0131z.<\/p>\n<p><img loading=\"lazy\" decoding=\"async\" class=\"alignnone size-full wp-image-11729\" src=\"https:\/\/www.ambalajbursa.com\/magaza\/wp-content\/uploads\/2020\/01\/\u00dc\u00e7-g\u00fcn\u00fcnde-kargoda-1.jpg\" alt=\"\" width=\"125\" height=\"64\" \/><\/p>\n","protected":false},"featured_media":17105,"comment_status":"open","ping_status":"closed","template":"","meta":[],"product_brand":[],"product_cat":[61,377,391,379,29],"product_tag":[772,655,776,75,773,774,63,228,76,513,312,551],"class_list":{"0":"post-17102","1":"product","2":"type-product","3":"status-publish","4":"has-post-thumbnail","6":"product_cat-kagit-poset-kagit-canta","7":"product_cat-beyaz-kraft","8":"product_cat-beyaz-renk-kraft-poset","9":"product_cat-duz-sapli-poset","10":"product_cat-standart-firma-baskisiz-urunler","11":"product_tag-18x23x9-kagit-poset","12":"product_tag-beyaz-kraft-poset","13":"product_tag-duz-sapli-beyaz-kraft-poset","14":"product_tag-duz-sapli-kagit-poset","15":"product_tag-duz-sapli-kagit-poset-18x23x9-cm","16":"product_tag-duz-sapli-kraft-poset","17":"product_tag-duz-sapli-poset","18":"product_tag-flat-sapli-kagit-poset","19":"product_tag-ince-kagit-poset-duz-sapli","20":"product_tag-kraft-canta-en-ucuz","21":"product_tag-ucuz-kagit-poset","22":"product_tag-ucuz-poset","23":"pa_adet-1000-adet","24":"pa_adet-500-adet","26":"entry","27":"has-media","29":"first","30":"instock","31":"featured","32":"taxable","33":"shipping-taxable","34":"purchasable","35":"product-type-variable","36":"has-default-attributes","37":"has-product-nav","38":"col","39":"span_1_of_5","40":"owp-content-center","41":"owp-thumbs-layout-vertical","42":"owp-btn-normal","43":"owp-tabs-layout-horizontal","45":"circle-sale"},"_links":{"self":[{"href":"https:\/\/www.ambalajbursa.com\/magaza\/wp-json\/wp\/v2\/product\/17102","targetHints":{"allow":["GET"]}}],"collection":[{"href":"https:\/\/www.ambalajbursa.com\/magaza\/wp-json\/wp\/v2\/product"}],"about":[{"href":"https:\/\/www.ambalajbursa.com\/magaza\/wp-json\/wp\/v2\/types\/product"}],"replies":[{"embeddable":true,"href":"https:\/\/www.ambalajbursa.com\/magaza\/wp-json\/wp\/v2\/comments?post=17102"}],"wp:featuredmedia":[{"embeddable":true,"href":"https:\/\/www.ambalajbursa.com\/magaza\/wp-json\/wp\/v2\/media\/17105"}],"wp:attachment":[{"href":"https:\/\/www.ambalajbursa.com\/magaza\/wp-json\/wp\/v2\/media?parent=17102"}],"wp:term":[{"taxonomy":"product_brand","embeddable":true,"href":"https:\/\/www.ambalajbursa.com\/magaza\/wp-json\/wp\/v2\/product_brand?post=17102"},{"taxonomy":"product_cat","embeddable":true,"href":"https:\/\/www.ambalajbursa.com\/magaza\/wp-json\/wp\/v2\/product_cat?post=17102"},{"taxonomy":"product_tag","embeddable":true,"href":"https:\/\/www.ambalajbursa.com\/magaza\/wp-json\/wp\/v2\/product_tag?post=17102"}],"curies":[{"name":"wp","href":"https:\/\/api.w.org\/{rel}","templated":true}]}}