{"id":16638,"date":"2024-01-26T23:26:18","date_gmt":"2024-01-26T20:26:18","guid":{"rendered":"https:\/\/www.ambalajbursa.com\/magaza\/?post_type=product&#038;p=16638"},"modified":"2025-12-18T05:39:07","modified_gmt":"2025-12-18T02:39:07","slug":"mor-renk-kraft-kagit-poset-25x31","status":"publish","type":"product","link":"https:\/\/www.ambalajbursa.com\/magaza\/urun\/mor-renk-kraft-kagit-poset-25x31\/","title":{"rendered":"Mor Renk Kraft Ka\u011f\u0131t Po\u015fet 25&#215;31"},"content":{"rendered":"<h2><span style=\"vertical-align: inherit;\"><span class=\"\" style=\"vertical-align: inherit;\">Mor Renk Kraft Ka\u011f\u0131t Po\u015fet 25&#215;31<\/span><\/span><\/h2>\n<p><span style=\"vertical-align: inherit;\"><span style=\"vertical-align: inherit;\">\u00d6ZELL\u0130KLER\u0130<\/span><\/span><br \/>\n<span style=\"vertical-align: inherit;\"><span style=\"vertical-align: inherit;\">En: 25 cm<\/span><\/span><br \/>\n<span style=\"vertical-align: inherit;\"><span style=\"vertical-align: inherit;\">Boy: 31 cm<br \/>\n<\/span><\/span><span style=\"vertical-align: inherit;\"><span style=\"vertical-align: inherit;\">K\u00f6r\u00fck &#8211; Taban: 12 cm<\/span><\/span><br \/>\n<span style=\"vertical-align: inherit;\"><span style=\"vertical-align: inherit;\">Ka\u011f\u0131t Cinsi: Beyaz Kraft<\/span><\/span><br \/>\n<span style=\"vertical-align: inherit;\"><span style=\"vertical-align: inherit;\">Ka\u011f\u0131t Gramaj\u0131: 90 gr\/m2<br \/>\nSat tipi :\u00a0 Beyaz b\u00fck\u00fcm sap<br \/>\nRENK<br \/>\n<\/span><\/span><span style=\"vertical-align: inherit;\"><span style=\"vertical-align: inherit;\">D\u0131\u015f Renk: Mor (porple)<\/span><\/span><br \/>\n<span style=\"vertical-align: inherit;\"><span style=\"vertical-align: inherit;\">\u0130\u00e7i: Beyaz<\/span><\/span><\/p>\n<p><span style=\"vertical-align: inherit;\"><span style=\"vertical-align: inherit;\">Bask\u0131 i\u00e7in <\/span><\/span><span style=\"vertical-align: inherit;\"><span style=\"vertical-align: inherit;\">bask\u0131 \u00fccreti<\/span><\/span><span style=\"vertical-align: inherit;\"><span style=\"vertical-align: inherit;\"> sat\u0131n al\u0131p bask\u0131 yapt\u0131rabilirsiniz.<\/span><\/span><\/p>\n<p>Bu \u00fcr\u00fcne bask\u0131 yapt\u0131rabilirsiniz<br \/>\n<strong><a href=\"https:\/\/www.ambalajbursa.com\/magaza\/urun\/kagit-poset-baski-ucreti\/\">Ka\u011f\u0131t po\u015fet bask\u0131 \u00fccreti<\/a><\/strong><\/p>\n","protected":false},"excerpt":{"rendered":"<p><span style=\"vertical-align: inherit;\"><span style=\"vertical-align: inherit;\">Mor Renk Kraft Ka\u011f\u0131t Po\u015fet 25&#215;31<\/span><\/span><\/p>\n<p><span style=\"vertical-align: inherit;\"><span style=\"vertical-align: inherit;\">D\u0131\u015f Renk: Mor &#8211; <\/span><\/span><span style=\"vertical-align: inherit;\"><span style=\"vertical-align: inherit;\">\u0130\u00e7 Renk: Beyaz<\/span><\/span><\/p>\n<p><img loading=\"lazy\" decoding=\"async\" class=\"alignnone size-medium wp-image-11722\" src=\"https:\/\/www.ambalajbursa.com\/magaza\/wp-content\/uploads\/2020\/01\/\u00f6deme-2-300x191.jpg\" alt=\"\" width=\"300\" height=\"191\" \/><img loading=\"lazy\" decoding=\"async\" class=\"alignnone size-full wp-image-11729\" src=\"https:\/\/www.ambalajbursa.com\/magaza\/wp-content\/uploads\/2020\/01\/\u00dc\u00e7-g\u00fcn\u00fcnde-kargoda-1.jpg\" alt=\"\" width=\"125\" height=\"64\" \/><\/p>\n","protected":false},"featured_media":15161,"comment_status":"open","ping_status":"closed","template":"","meta":[],"product_brand":[],"product_cat":[395,453,377,376,61],"product_tag":[455,456,454,676,677,679,678,416,675],"class_list":{"0":"post-16638","1":"product","2":"type-product","3":"status-publish","4":"has-post-thumbnail","6":"product_cat-mor-renk-kraft-poset","7":"product_cat-25x31x12-kaft-poset","8":"product_cat-beyaz-kraft","9":"product_cat-bukum-sapli","10":"product_cat-kagit-poset-kagit-canta","11":"product_tag-12x25x31","12":"product_tag-25x12x31","13":"product_tag-25x31x12","14":"product_tag-mor-25-x-31-x-12-poset","15":"product_tag-mor-renk-beyaz-kraft-poset","16":"product_tag-mor-renk-kraft-kagit-poset","17":"product_tag-mor-renk-kraft-kagit-poset-25x31","18":"product_tag-mor-renk-kraft-poset","19":"product_tag-purple-renk-kraft-poset","20":"pa_adet-10-adet","21":"pa_adet-100-adet","22":"pa_adet-1000-adet","23":"pa_adet-25-adet","24":"pa_adet-250-adet","25":"pa_adet-5-adet","26":"pa_adet-50-adet","27":"pa_adet-500-adet","28":"pa_adet-750-adet","30":"entry","31":"has-media","33":"first","34":"instock","35":"featured","36":"taxable","37":"shipping-taxable","38":"purchasable","39":"product-type-variable","40":"has-default-attributes","41":"has-product-nav","42":"col","43":"span_1_of_5","44":"owp-content-center","45":"owp-thumbs-layout-vertical","46":"owp-btn-normal","47":"owp-tabs-layout-horizontal","49":"circle-sale"},"_links":{"self":[{"href":"https:\/\/www.ambalajbursa.com\/magaza\/wp-json\/wp\/v2\/product\/16638","targetHints":{"allow":["GET"]}}],"collection":[{"href":"https:\/\/www.ambalajbursa.com\/magaza\/wp-json\/wp\/v2\/product"}],"about":[{"href":"https:\/\/www.ambalajbursa.com\/magaza\/wp-json\/wp\/v2\/types\/product"}],"replies":[{"embeddable":true,"href":"https:\/\/www.ambalajbursa.com\/magaza\/wp-json\/wp\/v2\/comments?post=16638"}],"wp:featuredmedia":[{"embeddable":true,"href":"https:\/\/www.ambalajbursa.com\/magaza\/wp-json\/wp\/v2\/media\/15161"}],"wp:attachment":[{"href":"https:\/\/www.ambalajbursa.com\/magaza\/wp-json\/wp\/v2\/media?parent=16638"}],"wp:term":[{"taxonomy":"product_brand","embeddable":true,"href":"https:\/\/www.ambalajbursa.com\/magaza\/wp-json\/wp\/v2\/product_brand?post=16638"},{"taxonomy":"product_cat","embeddable":true,"href":"https:\/\/www.ambalajbursa.com\/magaza\/wp-json\/wp\/v2\/product_cat?post=16638"},{"taxonomy":"product_tag","embeddable":true,"href":"https:\/\/www.ambalajbursa.com\/magaza\/wp-json\/wp\/v2\/product_tag?post=16638"}],"curies":[{"name":"wp","href":"https:\/\/api.w.org\/{rel}","templated":true}]}}