{"id":15549,"date":"2023-04-17T02:11:23","date_gmt":"2023-04-16T23:11:23","guid":{"rendered":"https:\/\/www.ambalajbursa.com\/magaza\/?post_type=product&#038;p=15549"},"modified":"2026-01-15T23:59:33","modified_gmt":"2026-01-15T20:59:33","slug":"siyah-sapli-siyah-renk-beyaz-kraft-poset","status":"publish","type":"product","link":"https:\/\/www.ambalajbursa.com\/magaza\/urun\/siyah-sapli-siyah-renk-beyaz-kraft-poset\/","title":{"rendered":"Siyah sapl\u0131 siyah renk beyaz kraft po\u015fet  32x41x12cm"},"content":{"rendered":"<h2>Siyah sapl\u0131 siyah renk beyaz kraft po\u015fet<\/h2>\n<p><strong>\u00d6ZEL \u00dcR\u00dcN &#8211; <\/strong>Bu \u00fcr\u00fcn ka\u00e7\u0131rmay\u0131n<br \/>\nAz say\u0131dad\u0131r. Ayn\u0131s\u0131 ba\u015fka yerde yok.<\/p>\n<p>Dayan\u0131kl\u0131 beyaz krafttan \u00fcretilmi\u015ftir. Sa\u011flaml\u0131\u011f\u0131ndan dolay\u0131 Ta\u015f\u0131ma kapasitesi y\u00fcksektir.<br \/>\n\u00d6zellikle butik ma\u011fazalar\u0131\u00a0 ve ayakkab\u0131c\u0131lar i\u00e7in olduk\u00e7a ideal ka\u011f\u0131t \u00e7antad\u0131r.<br \/>\n\u00dcr\u00fcn\u00fcn i\u00e7i beyaz, saplar\u0131 b\u00fck\u00fcm sapl\u0131 siyah renktir. D\u0131\u015f rengi siyaht\u0131r.<br \/>\nBu ka\u011f\u0131t po\u015feti ba\u015fka \u00fcr\u00fcnlerle k\u0131yaslarken<br \/>\nl\u00fctfen ka\u011f\u0131t \u00e7insine, \u00f6l\u00e7\u00fclerine ve ka\u011f\u0131t gramaj\u0131na dikkat ediniz.<\/p>\n<p><strong>\u00d6ZELL\u0130KLER\u0130<\/strong><br \/>\nEn: 32 cm<br \/>\nBoy: 41 cm<br \/>\nK\u00f6r\u00fck: 12 cm<br \/>\nRenk: Siyah<br \/>\nSap tipi: B\u00fck\u00fcm sapl\u0131 siyah renk<br \/>\nKa\u011f\u0131t \u00e7insi: Beyaz kraft<br \/>\n<strong>Ka\u011f\u0131t gramaj\u0131: 100 gr\/m\u00b2<\/strong><\/p>\n<p>Bu \u00fcr\u00fcne bask\u0131 yapt\u0131rabilirsiniz.<br \/>\nBask\u0131 se\u00e7ene\u011fi: Alt\u0131n yald\u0131z ve g\u00fcm\u00fc\u015f yald\u0131z<br \/>\nBu \u00f6l\u00e7\u00fclere ait di\u011fer renklerimiz<br \/>\n<a href=\"https:\/\/www.ambalajbursa.com\/magaza\/urun\/kraft-kagit-posetler\/\">Kraft Ka\u011f\u0131t Po\u015fetler<\/a><\/p>\n<p>Bask\u0131 \u00f6rneklerimiz ve bask\u0131 \u00fccretleri<br \/>\n<a href=\"https:\/\/www.ambalajbursa.com\/magaza\/urun\/kagit-poset-baski-ucreti\/\">Ka\u011f\u0131t po\u015fet bask\u0131 \u00fccreti<\/a><\/p>\n<p>&nbsp;<\/p>\n","protected":false},"excerpt":{"rendered":"<p><strong><span style=\"vertical-align: inherit;\"><span style=\"vertical-align: inherit;\">Siyah sapl\u0131 siyah renk beyaz kraft po\u015fet<\/span><\/span><\/strong><\/p>\n<p><strong>\u00d6ZEL \u00dcR\u00dcN &#8211; <\/strong>Bu \u00fcr\u00fcn ka\u00e7\u0131rmay\u0131n Az say\u0131dad\u0131r.<br \/>\nAyn\u0131s\u0131 ba\u015fka yerde yok.<br \/>\nKa\u011f\u0131t gramaj\u0131:<strong> 100 gr\/m\u00b2<\/strong><\/p>\n","protected":false},"featured_media":15551,"comment_status":"open","ping_status":"closed","template":"","meta":[],"product_brand":[890],"product_cat":[452,377,376,61,397],"product_tag":[584,581,582,583,539,362,576,580,577,578,575,579],"class_list":{"0":"post-15549","1":"product","2":"type-product","3":"status-publish","4":"has-post-thumbnail","6":"product_brand-seyma-ambalaj","7":"product_cat-31x41x12-kraft-poset","8":"product_cat-beyaz-kraft","9":"product_cat-bukum-sapli","10":"product_cat-kagit-poset-kagit-canta","11":"product_cat-siyah-renk-kraft-poset","12":"product_tag-12x32x41-12x41x32","13":"product_tag-32x41-siyah","14":"product_tag-32x41x12","15":"product_tag-41x32x12","16":"product_tag-siyah-kraft-canta","17":"product_tag-siyah-renk-kraft-kagit-poset","18":"product_tag-siyah-renk-renk-siyah-sapli-kraft-canta","19":"product_tag-siyah-renk-siyah-sapli","20":"product_tag-siyah-sapli-beyaz-renk-siyah-renk-kraft-poset","21":"product_tag-siyah-sapli-poset","22":"product_tag-siyah-sapli-siyah-renk-beyaz-kraft-poset","23":"product_tag-siyapli-canta","25":"entry","26":"has-media","28":"first","29":"outofstock","30":"featured","31":"taxable","32":"shipping-taxable","33":"purchasable","34":"product-type-variable","35":"has-rating","36":"has-product-nav","37":"col","38":"span_1_of_5","39":"owp-content-center","40":"owp-thumbs-layout-vertical","41":"owp-btn-normal","42":"owp-tabs-layout-horizontal","44":"circle-sale"},"_links":{"self":[{"href":"https:\/\/www.ambalajbursa.com\/magaza\/wp-json\/wp\/v2\/product\/15549","targetHints":{"allow":["GET"]}}],"collection":[{"href":"https:\/\/www.ambalajbursa.com\/magaza\/wp-json\/wp\/v2\/product"}],"about":[{"href":"https:\/\/www.ambalajbursa.com\/magaza\/wp-json\/wp\/v2\/types\/product"}],"replies":[{"embeddable":true,"href":"https:\/\/www.ambalajbursa.com\/magaza\/wp-json\/wp\/v2\/comments?post=15549"}],"wp:featuredmedia":[{"embeddable":true,"href":"https:\/\/www.ambalajbursa.com\/magaza\/wp-json\/wp\/v2\/media\/15551"}],"wp:attachment":[{"href":"https:\/\/www.ambalajbursa.com\/magaza\/wp-json\/wp\/v2\/media?parent=15549"}],"wp:term":[{"taxonomy":"product_brand","embeddable":true,"href":"https:\/\/www.ambalajbursa.com\/magaza\/wp-json\/wp\/v2\/product_brand?post=15549"},{"taxonomy":"product_cat","embeddable":true,"href":"https:\/\/www.ambalajbursa.com\/magaza\/wp-json\/wp\/v2\/product_cat?post=15549"},{"taxonomy":"product_tag","embeddable":true,"href":"https:\/\/www.ambalajbursa.com\/magaza\/wp-json\/wp\/v2\/product_tag?post=15549"}],"curies":[{"name":"wp","href":"https:\/\/api.w.org\/{rel}","templated":true}]}}