{"id":15299,"date":"2023-04-07T01:20:56","date_gmt":"2023-04-06T22:20:56","guid":{"rendered":"https:\/\/www.ambalajbursa.com\/magaza\/?post_type=product&#038;p=15299"},"modified":"2025-12-18T05:37:13","modified_gmt":"2025-12-18T02:37:13","slug":"bukum-sapli-turuncu-kraft-poset-18x24x8","status":"publish","type":"product","link":"https:\/\/www.ambalajbursa.com\/magaza\/urun\/bukum-sapli-turuncu-kraft-poset-18x24x8\/","title":{"rendered":"B\u00fck\u00fcm sapl\u0131 turuncu kraft po\u015fet  18x24x8"},"content":{"rendered":"<h2>B\u00fck\u00fcm sapl\u0131 turuncu kraft po\u015fet 18x24x8<\/h2>\n<p>90 gr\/m\u00b2 kraft ka\u011f\u0131ttan \u00fcretilmi\u015ftir.<br \/>\nDayan\u0131kl\u0131 ta\u015f\u0131ma po\u015fet olarak g\u00fcvenle kullanabilirsiniz.<br \/>\nTa\u015f\u0131ma kapasitesi y\u00fcksektir.<br \/>\nEn: 18 cm<br \/>\nBoy: 24 cm<br \/>\nk\u00f6r\u00fck: 8 cm<br \/>\nsap tipi: B\u00fck\u00fcm sap<\/p>\n<p>Bu \u00fcr\u00fcne bask\u0131 yapt\u0131rabilirsiniz.<br \/>\n,bu \u00fcr\u00fcne ait di\u011fer renkler ek bilgidedir<br \/>\ndi\u011fer renk ve ebatlar linktedir.<br \/>\n<a href=\"https:\/\/www.ambalajbursa.com\/magaza\/urun\/kraft-kagit-posetler\/\">Kraft Ka\u011f\u0131t Po\u015fetler<\/a><\/p>\n<p>Bask\u0131 \u00f6rneklerimiz ve bask\u0131 \u00fccretleri<br \/>\n<a href=\"https:\/\/www.ambalajbursa.com\/magaza\/urun\/kagit-poset-baski-ucreti\/\">Ka\u011f\u0131t po\u015fet bask\u0131 \u00fccreti<\/a><\/p>\n","protected":false},"excerpt":{"rendered":"<p>B\u00fck\u00fcm sapl\u0131 turuncu kraft po\u015fet 18x24x8<\/p>\n<p>90 gr\/m\u00b2 kraft ka\u011f\u0131ttan \u00fcretilmi\u015ftir.<br \/>\nDayan\u0131kl\u0131 ta\u015f\u0131ma po\u015fet olarak g\u00fcvenle kullanabilirsiniz.<br \/>\nTa\u015f\u0131ma kapasitesi y\u00fcksektir.<\/p>\n","protected":false},"featured_media":15155,"comment_status":"open","ping_status":"closed","template":"","meta":[],"product_brand":[],"product_cat":[398,384,377,376,61],"product_tag":[488,489,491,494,490,493,492],"class_list":{"0":"post-15299","1":"product","2":"type-product","3":"status-publish","4":"has-post-thumbnail","6":"product_cat-turuncu-renk-kraft-poset","7":"product_cat-18x24x8-kraft-poset","8":"product_cat-beyaz-kraft","9":"product_cat-bukum-sapli","10":"product_cat-kagit-poset-kagit-canta","11":"product_tag-bukum-sapli-turuncu-kraft-poset","12":"product_tag-bukum-sapli-turuncu-kraft-poset-18x24x8","13":"product_tag-kraft-tasima-cantasi","14":"product_tag-turuncu-kraft-canta","15":"product_tag-turuncu-magaza-poseti","16":"product_tag-turuncu-renk-canta","17":"product_tag-turuncu-renk-poset","18":"pa_adet-10-adet","19":"pa_adet-100-adet","20":"pa_adet-1000-adet","21":"pa_adet-25-adet","22":"pa_adet-250-adet","23":"pa_adet-5-adet","24":"pa_adet-50-adet","25":"pa_adet-500-adet","26":"pa_adet-750-adet","28":"entry","29":"has-media","31":"first","32":"instock","33":"taxable","34":"shipping-taxable","35":"purchasable","36":"product-type-variable","37":"has-product-nav","38":"col","39":"span_1_of_5","40":"owp-content-center","41":"owp-thumbs-layout-vertical","42":"owp-btn-normal","43":"owp-tabs-layout-horizontal","45":"circle-sale"},"_links":{"self":[{"href":"https:\/\/www.ambalajbursa.com\/magaza\/wp-json\/wp\/v2\/product\/15299","targetHints":{"allow":["GET"]}}],"collection":[{"href":"https:\/\/www.ambalajbursa.com\/magaza\/wp-json\/wp\/v2\/product"}],"about":[{"href":"https:\/\/www.ambalajbursa.com\/magaza\/wp-json\/wp\/v2\/types\/product"}],"replies":[{"embeddable":true,"href":"https:\/\/www.ambalajbursa.com\/magaza\/wp-json\/wp\/v2\/comments?post=15299"}],"wp:featuredmedia":[{"embeddable":true,"href":"https:\/\/www.ambalajbursa.com\/magaza\/wp-json\/wp\/v2\/media\/15155"}],"wp:attachment":[{"href":"https:\/\/www.ambalajbursa.com\/magaza\/wp-json\/wp\/v2\/media?parent=15299"}],"wp:term":[{"taxonomy":"product_brand","embeddable":true,"href":"https:\/\/www.ambalajbursa.com\/magaza\/wp-json\/wp\/v2\/product_brand?post=15299"},{"taxonomy":"product_cat","embeddable":true,"href":"https:\/\/www.ambalajbursa.com\/magaza\/wp-json\/wp\/v2\/product_cat?post=15299"},{"taxonomy":"product_tag","embeddable":true,"href":"https:\/\/www.ambalajbursa.com\/magaza\/wp-json\/wp\/v2\/product_tag?post=15299"}],"curies":[{"name":"wp","href":"https:\/\/api.w.org\/{rel}","templated":true}]}}