{"id":14374,"date":"2023-04-07T02:49:11","date_gmt":"2023-04-06T23:49:11","guid":{"rendered":"https:\/\/www.ambalajbursa.com\/magaza\/?post_type=product&#038;p=14374"},"modified":"2025-12-18T05:37:12","modified_gmt":"2025-12-18T02:37:12","slug":"bukum-sapli-esmer-kraft-poset-18x24x8","status":"publish","type":"product","link":"https:\/\/www.ambalajbursa.com\/magaza\/urun\/bukum-sapli-esmer-kraft-poset-18x24x8\/","title":{"rendered":"B\u00fck\u00fcm sapl\u0131 esmer kraft po\u015fet 18x24x8"},"content":{"rendered":"<p>B\u00fck\u00fcm sapl\u0131 esmer kraft po\u015fet 18x24x8<\/p>\n<p>Orjinal kraft oldu\u011fu i\u00e7in ta\u015f\u0131ma kapas\u0131tesi y\u00fcksektir.<br \/>\n90 gr m2<\/p>\n<p>Ayn\u0131 g\u00fcn kargo<\/p>\n<p>Bu \u00fcr\u00fcne bask\u0131 yapt\u0131rmak isterseniz<br \/>\n<a href=\"https:\/\/www.ambalajbursa.com\/magaza\/urun\/kagit-poset-baski-ucreti\/\">Ka\u011f\u0131t po\u015fet bask\u0131 \u00fccreti<\/a><\/p>\n<p>Di\u011fer ebat ve fiyatlar\u0131<br \/>\n<a href=\"https:\/\/www.ambalajbursa.com\/magaza\/urun\/kraft-poset-canta-renkleri-ebatlari-fiyatlari\/\">Kraft Po\u015fet &#8211; \u00c7anta Renkleri ebatlar\u0131 fiyatlar\u0131<\/a><\/p>\n","protected":false},"excerpt":{"rendered":"<p><span style=\"vertical-align: inherit;\"><span style=\"vertical-align: inherit;\">B\u00fck\u00fcm sapl\u0131 esmer kraft po\u015fet 18x24x8<\/span><\/span><\/p>\n<p>Orjinal kraft<br \/>\n90 gr m2<\/p>\n","protected":false},"featured_media":14375,"comment_status":"open","ping_status":"closed","template":"","meta":[],"product_brand":[],"product_cat":[392,384,376,378,61],"product_tag":[387,386,443,69,782,781,783,77,784,785],"class_list":{"0":"post-14374","1":"product","2":"type-product","3":"status-publish","4":"has-post-thumbnail","6":"product_cat-esmer-kraft-poset","7":"product_cat-18x24x8-kraft-poset","8":"product_cat-bukum-sapli","9":"product_cat-naturel-kraft","10":"product_cat-kagit-poset-kagit-canta","11":"product_tag-bukum-sapli-esmer-kraft-canta-18x24x8","12":"product_tag-bukum-sapli-esmer-kraft-poset-18x24x8","13":"product_tag-kraft-canta","14":"product_tag-kraft-poset","15":"product_tag-kraft-torba","16":"product_tag-kucuk-boy-kraft-poset","17":"product_tag-naturel-kahve-kraft-canta","18":"product_tag-naturel-kahve-kraft-poset","19":"product_tag-naturel-kraft-torba","20":"product_tag-naturel-kucuk-bot-canta-poset","21":"pa_adet-10-adet","22":"pa_adet-100-adet","23":"pa_adet-1000-adet","24":"pa_adet-25-adet","25":"pa_adet-250-adet","26":"pa_adet-5-adet","27":"pa_adet-50-adet","28":"pa_adet-500-adet","29":"pa_adet-750-adet","31":"entry","32":"has-media","34":"first","35":"instock","36":"taxable","37":"shipping-taxable","38":"purchasable","39":"product-type-variable","40":"has-default-attributes","41":"has-product-nav","42":"col","43":"span_1_of_5","44":"owp-content-center","45":"owp-thumbs-layout-vertical","46":"owp-btn-normal","47":"owp-tabs-layout-horizontal","49":"circle-sale"},"_links":{"self":[{"href":"https:\/\/www.ambalajbursa.com\/magaza\/wp-json\/wp\/v2\/product\/14374","targetHints":{"allow":["GET"]}}],"collection":[{"href":"https:\/\/www.ambalajbursa.com\/magaza\/wp-json\/wp\/v2\/product"}],"about":[{"href":"https:\/\/www.ambalajbursa.com\/magaza\/wp-json\/wp\/v2\/types\/product"}],"replies":[{"embeddable":true,"href":"https:\/\/www.ambalajbursa.com\/magaza\/wp-json\/wp\/v2\/comments?post=14374"}],"wp:featuredmedia":[{"embeddable":true,"href":"https:\/\/www.ambalajbursa.com\/magaza\/wp-json\/wp\/v2\/media\/14375"}],"wp:attachment":[{"href":"https:\/\/www.ambalajbursa.com\/magaza\/wp-json\/wp\/v2\/media?parent=14374"}],"wp:term":[{"taxonomy":"product_brand","embeddable":true,"href":"https:\/\/www.ambalajbursa.com\/magaza\/wp-json\/wp\/v2\/product_brand?post=14374"},{"taxonomy":"product_cat","embeddable":true,"href":"https:\/\/www.ambalajbursa.com\/magaza\/wp-json\/wp\/v2\/product_cat?post=14374"},{"taxonomy":"product_tag","embeddable":true,"href":"https:\/\/www.ambalajbursa.com\/magaza\/wp-json\/wp\/v2\/product_tag?post=14374"}],"curies":[{"name":"wp","href":"https:\/\/api.w.org\/{rel}","templated":true}]}}