{"id":14368,"date":"2023-04-07T02:48:10","date_gmt":"2023-04-06T23:48:10","guid":{"rendered":"https:\/\/www.ambalajbursa.com\/magaza\/?post_type=product&#038;p=14368"},"modified":"2025-12-29T18:40:52","modified_gmt":"2025-12-29T15:40:52","slug":"bukum-sapli-beyaz-kraft-poset-18x24x8","status":"publish","type":"product","link":"https:\/\/www.ambalajbursa.com\/magaza\/urun\/bukum-sapli-beyaz-kraft-poset-18x24x8\/","title":{"rendered":"B\u00fck\u00fcm sapl\u0131 beyaz kraft po\u015fet 18x24x8"},"content":{"rendered":"<p>B\u00fck\u00fcm sapl\u0131 beyaz kraft po\u015fet 18x24x8<br \/>\nSap tipi: B\u00fck\u00fcm sap<br \/>\n90 Gr m\u00b2<\/p>\n<p>Bu \u00fcr\u00fcne bask\u0131 yapt\u0131rmak isterseniz, bask\u0131 \u00fccreti sat\u0131n al\u0131p<br \/>\nbask\u0131 yapt\u0131rabilirsiniz.<br \/>\n<a href=\"https:\/\/www.ambalajbursa.com\/magaza\/urun\/kraft-poset-canta-renkleri-ebatlari-fiyatlari\/\">Kraft Po\u015fet &#8211; \u00c7anta Renkleri ebatlar\u0131 fiyatlar\u0131<\/a><\/p>\n","protected":false},"excerpt":{"rendered":"<p>B\u00fck\u00fcm sapl\u0131 beyaz kraft po\u015fet 18x24x8<br \/>\nk\u00fc\u00e7\u00fck boy kraft po\u015fet \u00e7anta<\/p>\n","protected":false},"featured_media":14370,"comment_status":"open","ping_status":"closed","template":"","meta":[],"product_brand":[],"product_cat":[391,384,377,376,61],"product_tag":[388,385,389,390,792,781,793,791],"class_list":{"0":"post-14368","1":"product","2":"type-product","3":"status-publish","4":"has-post-thumbnail","6":"product_cat-beyaz-renk-kraft-poset","7":"product_cat-18x24x8-kraft-poset","8":"product_cat-beyaz-kraft","9":"product_cat-bukum-sapli","10":"product_cat-kagit-poset-kagit-canta","11":"product_tag-bukum-sapli-bayaz-kraft-poset","12":"product_tag-bukum-sapli-beyaz-kraft-canta-18x8x24","13":"product_tag-bukum-sapli-beyaz-kraft-poset-18x24x8","14":"product_tag-bukum-sapli-beyaz-kraft-poset-8x24x18","15":"product_tag-kucuk-boy-kagit-canta","16":"product_tag-kucuk-boy-kraft-poset","17":"product_tag-kucuk-boy-kraft-poset-canta","18":"product_tag-kucuk-kagit-canta","19":"pa_adet-10-adet","20":"pa_adet-100-adet","21":"pa_adet-1000-adet","22":"pa_adet-25-adet","23":"pa_adet-250-adet","24":"pa_adet-5-adet","25":"pa_adet-50-adet","26":"pa_adet-500-adet","27":"pa_adet-750-adet","29":"entry","30":"has-media","32":"first","33":"instock","34":"taxable","35":"shipping-taxable","36":"purchasable","37":"product-type-variable","38":"has-product-nav","39":"col","40":"span_1_of_5","41":"owp-content-center","42":"owp-thumbs-layout-vertical","43":"owp-btn-normal","44":"owp-tabs-layout-horizontal","46":"circle-sale"},"_links":{"self":[{"href":"https:\/\/www.ambalajbursa.com\/magaza\/wp-json\/wp\/v2\/product\/14368","targetHints":{"allow":["GET"]}}],"collection":[{"href":"https:\/\/www.ambalajbursa.com\/magaza\/wp-json\/wp\/v2\/product"}],"about":[{"href":"https:\/\/www.ambalajbursa.com\/magaza\/wp-json\/wp\/v2\/types\/product"}],"replies":[{"embeddable":true,"href":"https:\/\/www.ambalajbursa.com\/magaza\/wp-json\/wp\/v2\/comments?post=14368"}],"wp:featuredmedia":[{"embeddable":true,"href":"https:\/\/www.ambalajbursa.com\/magaza\/wp-json\/wp\/v2\/media\/14370"}],"wp:attachment":[{"href":"https:\/\/www.ambalajbursa.com\/magaza\/wp-json\/wp\/v2\/media?parent=14368"}],"wp:term":[{"taxonomy":"product_brand","embeddable":true,"href":"https:\/\/www.ambalajbursa.com\/magaza\/wp-json\/wp\/v2\/product_brand?post=14368"},{"taxonomy":"product_cat","embeddable":true,"href":"https:\/\/www.ambalajbursa.com\/magaza\/wp-json\/wp\/v2\/product_cat?post=14368"},{"taxonomy":"product_tag","embeddable":true,"href":"https:\/\/www.ambalajbursa.com\/magaza\/wp-json\/wp\/v2\/product_tag?post=14368"}],"curies":[{"name":"wp","href":"https:\/\/api.w.org\/{rel}","templated":true}]}}